{"id":10692,"date":"2025-08-26T19:14:28","date_gmt":"2025-08-26T12:14:28","guid":{"rendered":"https:\/\/chuparty.vn\/?post_type=product&#038;p=10692"},"modified":"2025-08-26T19:26:53","modified_gmt":"2025-08-26T12:26:53","slug":"bang-signboard-3d-hoa-bong-6080cm-3","status":"publish","type":"product","link":"https:\/\/chuparty.vn\/?product=bang-signboard-3d-hoa-bong-6080cm-3","title":{"rendered":"B\u1ea2NG SIGNBOARD 3D HOA B\u00d3NG 60*80CM"},"content":{"rendered":"<p><strong>B\u1ea3ng Signboard Balloon 3D ph\u00f9 h\u1ee3p cho c\u00e1c event: Khai tr\u01b0\u01a1ng,<br \/>\nL\u1ec5 T\u1ed1t Nghi\u1ec7p, Th\u00f4i N\u00f4i, Sinh nh\u1eadt, \u0110\u1ea7y Th\u00e1ng, Baby Shower&#8230;<br \/>\nG\u1ed3m:<\/strong><\/p>\n<p>* 1 H\u1ed9p b\u1ea3ng Signboard 60cm*80cm v\u1edbi n\u1ed9i dung t\u00f9y ch\u1ecdn theo y\u00eau c\u1ea7u<strong><br \/>\n<\/strong>* 1 b\u00f3 hoa b\u00f3ng handmade\u00a0 \u2013 t\u00f9y ch\u1ecdn m\u00e0u b\u00f3ng<br \/>\n* KH\u00d4NG BAO G\u1ed2M: ch\u00e2n k\u1ec7 size 160cm (m\u1eabu Signboard 3D c\u00f3 th\u1ec3 \u0111\u1ec3 tr\u00ean b\u00e0n, d\u01b0\u1edbi \u0111\u1ea5t m\u00e0 kh\u00f4ng c\u1ea7n ch\u00e2n k\u1ec7)<br \/>\n* Lo\u1ea1i hoa b\u00f3ng c\u00f3 th\u1ec3 ch\u1ecdn: mix, tulip, daisy, rose<\/p>\n","protected":false},"excerpt":{"rendered":"<p>B\u1ea3ng Signboard Balloon 3D ph\u00f9 h\u1ee3p cho c\u00e1c event: Khai tr\u01b0\u01a1ng, L\u1ec5 T\u1ed1t Nghi\u1ec7p, Th\u00f4i N\u00f4i, Sinh nh\u1eadt, \u0110\u1ea7y Th\u00e1ng, Baby Shower&#8230; G\u1ed3m: * 1 H\u1ed9p b\u1ea3ng Signboard 60cm*80cm v\u1edbi n\u1ed9i dung t\u00f9y ch\u1ecdn theo y\u00eau c\u1ea7u * 1 b\u00f3 hoa b\u00f3ng handmade\u00a0 \u2013 t\u00f9y ch\u1ecdn m\u00e0u b\u00f3ng * KH\u00d4NG BAO G\u1ed2M: ch\u00e2n k\u1ec7 size [&hellip;]<\/p>\n","protected":false},"featured_media":10695,"comment_status":"open","ping_status":"closed","template":"","meta":[],"product_cat":[521,247,366],"product_tag":[],"class_list":{"0":"post-10692","1":"product","2":"type-product","3":"status-publish","4":"has-post-thumbnail","6":"product_cat-bang-signboard-balloon","7":"product_cat-womens-day","8":"product_cat-combo-bong-tru-handmade","10":"first","11":"instock","12":"shipping-taxable","13":"purchasable","14":"product-type-simple"},"_links":{"self":[{"href":"https:\/\/chuparty.vn\/index.php?rest_route=\/wp\/v2\/product\/10692","targetHints":{"allow":["GET"]}}],"collection":[{"href":"https:\/\/chuparty.vn\/index.php?rest_route=\/wp\/v2\/product"}],"about":[{"href":"https:\/\/chuparty.vn\/index.php?rest_route=\/wp\/v2\/types\/product"}],"replies":[{"embeddable":true,"href":"https:\/\/chuparty.vn\/index.php?rest_route=%2Fwp%2Fv2%2Fcomments&post=10692"}],"wp:featuredmedia":[{"embeddable":true,"href":"https:\/\/chuparty.vn\/index.php?rest_route=\/wp\/v2\/media\/10695"}],"wp:attachment":[{"href":"https:\/\/chuparty.vn\/index.php?rest_route=%2Fwp%2Fv2%2Fmedia&parent=10692"}],"wp:term":[{"taxonomy":"product_cat","embeddable":true,"href":"https:\/\/chuparty.vn\/index.php?rest_route=%2Fwp%2Fv2%2Fproduct_cat&post=10692"},{"taxonomy":"product_tag","embeddable":true,"href":"https:\/\/chuparty.vn\/index.php?rest_route=%2Fwp%2Fv2%2Fproduct_tag&post=10692"}],"curies":[{"name":"wp","href":"https:\/\/api.w.org\/{rel}","templated":true}]}}