{"id":10589,"date":"2025-07-30T17:28:18","date_gmt":"2025-07-30T10:28:18","guid":{"rendered":"https:\/\/chuparty.vn\/?post_type=product&#038;p=10589"},"modified":"2025-10-13T16:01:46","modified_gmt":"2025-10-13T09:01:46","slug":"man-doi-den","status":"publish","type":"product","link":"https:\/\/chuparty.vn\/?product=man-doi-den","title":{"rendered":"M\u00c0N D\u01a0I \u0110EN 1M*2M"},"content":{"rendered":"<p><strong>Chi ti\u1ebft s\u1ea3n ph\u1ea9m:\u00a0<\/strong><br \/>\nK\u00edch th\u01b0\u1edbc: 1M * 2M<br \/>\nCh\u1ea5t li\u1ec7u: nh\u1ef1a<br \/>\nM\u00e0u s\u1eafc: \u0111en<br \/>\nQui c\u00e1ch \u0111\u00f3ng g\u00f3i: 1 c\u00e1i \/ t\u00fai<\/p>\n","protected":false},"excerpt":{"rendered":"<p>Chi ti\u1ebft s\u1ea3n ph\u1ea9m:\u00a0 K\u00edch th\u01b0\u1edbc: 1M * 2M Ch\u1ea5t li\u1ec7u: nh\u1ef1a M\u00e0u s\u1eafc: \u0111en Qui c\u00e1ch \u0111\u00f3ng g\u00f3i: 1 c\u00e1i \/ t\u00fai<\/p>\n","protected":false},"featured_media":10590,"comment_status":"open","ping_status":"closed","template":"","meta":[],"product_cat":[324,460],"product_tag":[],"class_list":{"0":"post-10589","1":"product","2":"type-product","3":"status-publish","4":"has-post-thumbnail","6":"product_cat-halloween","7":"product_cat-phu-kien-halloween","9":"first","10":"instock","11":"shipping-taxable","12":"purchasable","13":"product-type-simple"},"_links":{"self":[{"href":"https:\/\/chuparty.vn\/index.php?rest_route=\/wp\/v2\/product\/10589","targetHints":{"allow":["GET"]}}],"collection":[{"href":"https:\/\/chuparty.vn\/index.php?rest_route=\/wp\/v2\/product"}],"about":[{"href":"https:\/\/chuparty.vn\/index.php?rest_route=\/wp\/v2\/types\/product"}],"replies":[{"embeddable":true,"href":"https:\/\/chuparty.vn\/index.php?rest_route=%2Fwp%2Fv2%2Fcomments&post=10589"}],"wp:featuredmedia":[{"embeddable":true,"href":"https:\/\/chuparty.vn\/index.php?rest_route=\/wp\/v2\/media\/10590"}],"wp:attachment":[{"href":"https:\/\/chuparty.vn\/index.php?rest_route=%2Fwp%2Fv2%2Fmedia&parent=10589"}],"wp:term":[{"taxonomy":"product_cat","embeddable":true,"href":"https:\/\/chuparty.vn\/index.php?rest_route=%2Fwp%2Fv2%2Fproduct_cat&post=10589"},{"taxonomy":"product_tag","embeddable":true,"href":"https:\/\/chuparty.vn\/index.php?rest_route=%2Fwp%2Fv2%2Fproduct_tag&post=10589"}],"curies":[{"name":"wp","href":"https:\/\/api.w.org\/{rel}","templated":true}]}}