{"id":10586,"date":"2025-07-30T17:24:11","date_gmt":"2025-07-30T10:24:11","guid":{"rendered":"https:\/\/chuparty.vn\/?post_type=product&#038;p=10586"},"modified":"2025-07-30T17:29:24","modified_gmt":"2025-07-30T10:29:24","slug":"set-10-bong-tron-con-mat-den","status":"publish","type":"product","link":"https:\/\/chuparty.vn\/?product=set-10-bong-tron-con-mat-den","title":{"rendered":"SET 10 B\u00d3NG TR\u00d2N CON M\u1eaeT \u0110EN"},"content":{"rendered":"<p><strong>Chi ti\u1ebft s\u1ea3n ph\u1ea9m:\u00a0<\/strong><br \/>\nK\u00edch th\u01b0\u1edbc b\u00f3ng: 5in ~ 10cm<br \/>\nCh\u1ea5t li\u1ec7u: cao su<br \/>\nM\u00e0u s\u1eafc: \u0111en<br \/>\nQui c\u00e1ch \u0111\u00f3ng g\u00f3i: 10 c\u00e1i\/ t\u00fai<br \/>\nB\u00f3ng giao \u0111\u1ebfn \u1edf tr\u1ea1ng th\u00e1i ch\u01b0a b\u01a1m.<\/p>\n","protected":false},"excerpt":{"rendered":"<p>Chi ti\u1ebft s\u1ea3n ph\u1ea9m:\u00a0 K\u00edch th\u01b0\u1edbc b\u00f3ng: 5in ~ 10cm Ch\u1ea5t li\u1ec7u: cao su M\u00e0u s\u1eafc: \u0111en Qui c\u00e1ch \u0111\u00f3ng g\u00f3i: 10 c\u00e1i\/ t\u00fai B\u00f3ng giao \u0111\u1ebfn \u1edf tr\u1ea1ng th\u00e1i ch\u01b0a b\u01a1m.<\/p>\n","protected":false},"featured_media":9408,"comment_status":"open","ping_status":"closed","template":"","meta":[],"product_cat":[324,459],"product_tag":[],"class_list":{"0":"post-10586","1":"product","2":"type-product","3":"status-publish","4":"has-post-thumbnail","6":"product_cat-halloween","7":"product_cat-bong-bong-halloween","9":"first","10":"instock","11":"shipping-taxable","12":"purchasable","13":"product-type-simple"},"_links":{"self":[{"href":"https:\/\/chuparty.vn\/index.php?rest_route=\/wp\/v2\/product\/10586","targetHints":{"allow":["GET"]}}],"collection":[{"href":"https:\/\/chuparty.vn\/index.php?rest_route=\/wp\/v2\/product"}],"about":[{"href":"https:\/\/chuparty.vn\/index.php?rest_route=\/wp\/v2\/types\/product"}],"replies":[{"embeddable":true,"href":"https:\/\/chuparty.vn\/index.php?rest_route=%2Fwp%2Fv2%2Fcomments&post=10586"}],"wp:featuredmedia":[{"embeddable":true,"href":"https:\/\/chuparty.vn\/index.php?rest_route=\/wp\/v2\/media\/9408"}],"wp:attachment":[{"href":"https:\/\/chuparty.vn\/index.php?rest_route=%2Fwp%2Fv2%2Fmedia&parent=10586"}],"wp:term":[{"taxonomy":"product_cat","embeddable":true,"href":"https:\/\/chuparty.vn\/index.php?rest_route=%2Fwp%2Fv2%2Fproduct_cat&post=10586"},{"taxonomy":"product_tag","embeddable":true,"href":"https:\/\/chuparty.vn\/index.php?rest_route=%2Fwp%2Fv2%2Fproduct_tag&post=10586"}],"curies":[{"name":"wp","href":"https:\/\/api.w.org\/{rel}","templated":true}]}}