{"id":10543,"date":"2025-07-11T18:15:02","date_gmt":"2025-07-11T11:15:02","guid":{"rendered":"https:\/\/chuparty.vn\/?post_type=product&#038;p=10543"},"modified":"2025-07-11T18:21:59","modified_gmt":"2025-07-11T11:21:59","slug":"10543","status":"publish","type":"product","link":"https:\/\/chuparty.vn\/?product=10543","title":{"rendered":"B\u1ed8 B\u00d3NG HPBD CH\u1ee6 \u0110\u1ec0 SPIDER MAN"},"content":{"rendered":"<p><strong>B\u1ed9 B\u00f3ng HAPPY BIRTHDAY ch\u1ee7 \u0111\u1ec1 Spider man <\/strong>s\u1ebd mang \u0111\u1ebfn cho b\u1ea1n m\u1ed9t kh\u00f4ng gian \u0111\u1eadm ch\u1ea5t Si\u00eau Anh H\u00f9ng.<br \/>\nH\u00e3y mang ch\u00fang v\u1ec1 v\u00e0 t\u1ef1 tay l\u00e0m n\u00ean bu\u1ed5i ti\u1ec7c tuy\u1ec7t v\u1eddi c\u00f9ng Chu Party nh\u00e9!<\/p>\n<p><strong>Th\u00f4ng tin s\u1ea3n ph\u1ea9m:<\/strong><\/p>\n<ul>\n<li>K\u00edch th\u01b0\u1edbc: 16in ~ 35cm \/ b\u00f3ng<\/li>\n<li>Ch\u1ea5t li\u1ec7u: nh\u00f4m ki\u1ebfng<\/li>\n<li>C\u00e1ch th\u1ee9c \u0111\u00f3ng g\u00f3i: 13 k\u00fd t\u1ef1\/t\u00fai<\/li>\n<\/ul>\n","protected":false},"excerpt":{"rendered":"<p>B\u1ed9 B\u00f3ng HAPPY BIRTHDAY ch\u1ee7 \u0111\u1ec1 Spider man s\u1ebd mang \u0111\u1ebfn cho b\u1ea1n m\u1ed9t kh\u00f4ng gian \u0111\u1eadm ch\u1ea5t Si\u00eau Anh H\u00f9ng. H\u00e3y mang ch\u00fang v\u1ec1 v\u00e0 t\u1ef1 tay l\u00e0m n\u00ean bu\u1ed5i ti\u1ec7c tuy\u1ec7t v\u1eddi c\u00f9ng Chu Party nh\u00e9! Th\u00f4ng tin s\u1ea3n ph\u1ea9m: K\u00edch th\u01b0\u1edbc: 16in ~ 35cm \/ b\u00f3ng Ch\u1ea5t li\u1ec7u: nh\u00f4m ki\u1ebfng C\u00e1ch th\u1ee9c [&hellip;]<\/p>\n","protected":false},"featured_media":10548,"comment_status":"open","ping_status":"closed","template":"","meta":[],"product_cat":[338,135,68,371],"product_tag":[],"class_list":{"0":"post-10543","1":"product","2":"type-product","3":"status-publish","4":"has-post-thumbnail","6":"product_cat-super-hero","7":"product_cat-new-arrival","8":"product_cat-bong-nhom","9":"product_cat-bong-chu","11":"first","12":"instock","13":"shipping-taxable","14":"purchasable","15":"product-type-simple"},"_links":{"self":[{"href":"https:\/\/chuparty.vn\/index.php?rest_route=\/wp\/v2\/product\/10543","targetHints":{"allow":["GET"]}}],"collection":[{"href":"https:\/\/chuparty.vn\/index.php?rest_route=\/wp\/v2\/product"}],"about":[{"href":"https:\/\/chuparty.vn\/index.php?rest_route=\/wp\/v2\/types\/product"}],"replies":[{"embeddable":true,"href":"https:\/\/chuparty.vn\/index.php?rest_route=%2Fwp%2Fv2%2Fcomments&post=10543"}],"wp:featuredmedia":[{"embeddable":true,"href":"https:\/\/chuparty.vn\/index.php?rest_route=\/wp\/v2\/media\/10548"}],"wp:attachment":[{"href":"https:\/\/chuparty.vn\/index.php?rest_route=%2Fwp%2Fv2%2Fmedia&parent=10543"}],"wp:term":[{"taxonomy":"product_cat","embeddable":true,"href":"https:\/\/chuparty.vn\/index.php?rest_route=%2Fwp%2Fv2%2Fproduct_cat&post=10543"},{"taxonomy":"product_tag","embeddable":true,"href":"https:\/\/chuparty.vn\/index.php?rest_route=%2Fwp%2Fv2%2Fproduct_tag&post=10543"}],"curies":[{"name":"wp","href":"https:\/\/api.w.org\/{rel}","templated":true}]}}