{"id":10415,"date":"2025-06-10T16:23:13","date_gmt":"2025-06-10T09:23:13","guid":{"rendered":"https:\/\/chuparty.vn\/?post_type=product&#038;p=10415"},"modified":"2026-02-24T15:40:25","modified_gmt":"2026-02-24T08:40:25","slug":"combo-bong-black-pink","status":"publish","type":"product","link":"https:\/\/chuparty.vn\/?product=combo-bong-black-pink","title":{"rendered":"COMBO B\u00d3NG BLACK PINK FOR LADY"},"content":{"rendered":"<p><strong>Th\u00f4ng tin chi ti\u1ebft s\u1ea3n ph\u1ea9m:\u00a0<\/strong>Combo B\u00f3ng Black Pink g\u1ed3m:<br \/>\n* 1 B\u1ed9 b\u00f3ng HAPPY BIRTHDAY\u00a0 m\u00e0u b\u1ea1c &#8211; b\u01a1m th\u01b0\u1eddng<br \/>\n* Combo b\u00f3ng ch\u1eef ki\u1ec3u &#8220;vo iu&#8221; &#8211; b\u01a1m th\u01b0\u1eddng<br \/>\n* 5 B\u00f3ng Tim m\u00e0u h\u1ed3ng &#8211; b\u1ea1c b\u01a1m kh\u00ed helium<br \/>\n* 20 b\u00f3ng tr\u00f2n m\u00e0u \u0111en \u2013 h\u1ed3ng size 25cm b\u01a1m kh\u00ed helium<br \/>\n* B\u00f3 5 hoa b\u00f3ng handmade mix Tulip, H\u1ed3ng, Daisy m\u00e0u \u0111en h\u1ed3ng.<br \/>\n* 2 tr\u1ee5 b\u00f3ng s\u1ed1 handmade size 100cm l\u00e0m th\u00e0nh ph\u1ea9m nh\u01b0 h\u00ecnh<\/p>\n<p><span class=\"pq6dq46d tbxw36s4 knj5qynh kvgmc6g5 ditlmg2l oygrvhab nvdbi5me sf5mxxl7 gl3lb2sf hhz5lgdu\"><strong>L\u01b0u \u00fd:\u00a0<\/strong><br \/>\n+ <\/span>Gi\u00e1 s\u1ea3n ph\u1ea9m ch\u01b0a bao g\u1ed3m ph\u00ed giao h\u00e0ng.<br \/>\n+ T\u1ea5t c\u1ea3 s\u1ea3n ph\u1ea9m b\u00f3ng bay \u0111\u1ec1u \u0111\u01b0\u1ee3c s\u1eed d\u1ee5ng kh\u00ed Helium an to\u00e0n.<br \/>\n<strong>CHU cam k\u1ebft ch\u1ec9 s\u1eed d\u1ee5ng DUY NH\u1ea4T kh\u00ed Helium an to\u00e0n, kh\u00f4ng g\u00e2y ch\u00e1y n\u1ed5. Kh\u00ed Heli thu\u1ed9c kh\u00ed hi\u1ebfm v\u00e0 \u0111\u01b0\u1ee3c nh\u1eadp kh\u1ea9u n\u00ean gi\u00e1 th\u00e0nh cao h\u01a1n Hidro r\u1ea5t nhi\u1ec1u (kh\u00ed Hidro nguy hi\u1ec3m g\u00e2y ch\u00e1y n\u1ed5)<br \/>\n<\/strong>+ B\u00f3ng Jumbo\/ b\u00f3ng bay s\u1ebd \u0111\u01b0\u1ee3c giao b\u1eb1ng grab car\/taxi, \u0111\u1ec3 gi\u1eef an to\u00e0n cho bong b\u00f3ng tr\u01b0\u1edbc th\u1eddi ti\u1ebft (n\u1eafng ho\u1eb7c m\u01b0a) gi\u00fap cho b\u00f3ng gi\u1eef \u0111\u01b0\u1ee3c m\u00e0u s\u1eafc kh\u00f4ng b\u1ecb xu\u1ed1ng m\u00e0u ho\u1eb7c b\u1ecb b\u1ec3 do va \u0111\u1eadp. \u00a0Ph\u00ed v\u1eadn chuy\u1ec3n s\u1ebd \u0111\u01b0\u1ee3c th\u00f4ng b\u00e1o khi book xe .<br \/>\n+ B\u00f3ng Jumbo\/ b\u00f3ng bay \u0111\u1eb9p nh\u1ea5t t\u1eeb 6-8 ti\u1ebfng \u0111\u1ea7u (trong th\u1eddi gian n\u00e0y b\u00f3ng s\u1ebd lu\u00f4n s\u00e1ng \u0111\u1eb9p v\u00e0 \u0111\u1ed9 bay s\u1ebd \u0111\u01b0\u1ee3c \u0111\u1ea3m b\u1ea3o t\u1ed1t nh\u1ea5t.<br \/>\n+ H\u1ea1n ch\u1ebf \u0111\u1ec3 bong b\u00f3ng \u1edf ngo\u00e0i tr\u1eddi ho\u1eb7c n\u01a1i c\u00f3 nhi\u1ec7t \u0111\u1ed9 cao, g\u1ea7n m\u1eb7t tr\u1eddi ho\u1eb7c \u00e1nh \u0111\u00e8n n\u00f3ng s\u1ebd l\u00e0m v\u1ee1 b\u00f3ng.<\/p>\n","protected":false},"excerpt":{"rendered":"<p>Th\u00f4ng tin chi ti\u1ebft s\u1ea3n ph\u1ea9m:\u00a0Combo B\u00f3ng Black Pink g\u1ed3m: * 1 B\u1ed9 b\u00f3ng HAPPY BIRTHDAY\u00a0 m\u00e0u b\u1ea1c &#8211; b\u01a1m th\u01b0\u1eddng * Combo b\u00f3ng ch\u1eef ki\u1ec3u &#8220;vo iu&#8221; &#8211; b\u01a1m th\u01b0\u1eddng * 5 B\u00f3ng Tim m\u00e0u h\u1ed3ng &#8211; b\u1ea1c b\u01a1m kh\u00ed helium * 20 b\u00f3ng tr\u00f2n m\u00e0u \u0111en \u2013 h\u1ed3ng size 25cm b\u01a1m kh\u00ed helium [&hellip;]<\/p>\n","protected":false},"featured_media":10416,"comment_status":"open","ping_status":"closed","template":"","meta":[],"product_cat":[534,88,415],"product_tag":[],"class_list":{"0":"post-10415","1":"product","2":"type-product","3":"status-publish","4":"has-post-thumbnail","6":"product_cat-black-pink","7":"product_cat-combo-bong-bay-helium","8":"product_cat-for-adults","10":"first","11":"instock","12":"shipping-taxable","13":"purchasable","14":"product-type-simple"},"_links":{"self":[{"href":"https:\/\/chuparty.vn\/index.php?rest_route=\/wp\/v2\/product\/10415","targetHints":{"allow":["GET"]}}],"collection":[{"href":"https:\/\/chuparty.vn\/index.php?rest_route=\/wp\/v2\/product"}],"about":[{"href":"https:\/\/chuparty.vn\/index.php?rest_route=\/wp\/v2\/types\/product"}],"replies":[{"embeddable":true,"href":"https:\/\/chuparty.vn\/index.php?rest_route=%2Fwp%2Fv2%2Fcomments&post=10415"}],"wp:featuredmedia":[{"embeddable":true,"href":"https:\/\/chuparty.vn\/index.php?rest_route=\/wp\/v2\/media\/10416"}],"wp:attachment":[{"href":"https:\/\/chuparty.vn\/index.php?rest_route=%2Fwp%2Fv2%2Fmedia&parent=10415"}],"wp:term":[{"taxonomy":"product_cat","embeddable":true,"href":"https:\/\/chuparty.vn\/index.php?rest_route=%2Fwp%2Fv2%2Fproduct_cat&post=10415"},{"taxonomy":"product_tag","embeddable":true,"href":"https:\/\/chuparty.vn\/index.php?rest_route=%2Fwp%2Fv2%2Fproduct_tag&post=10415"}],"curies":[{"name":"wp","href":"https:\/\/api.w.org\/{rel}","templated":true}]}}