{"id":1037,"date":"2022-02-22T01:33:56","date_gmt":"2022-02-21T18:33:56","guid":{"rendered":"https:\/\/chuparty.vn\/?post_type=product&#038;p=1037"},"modified":"2026-01-15T14:57:26","modified_gmt":"2026-01-15T07:57:26","slug":"bong-nhom-ki-tu-alphabet","status":"publish","type":"product","link":"https:\/\/chuparty.vn\/?product=bong-nhom-ki-tu-alphabet","title":{"rendered":"B\u00d3NG CH\u1eee IN HOA ROSEGOLD"},"content":{"rendered":"<p><strong>B\u00f3ng ch\u1eef c\u00e1i<\/strong> s\u1ebd gi\u00fap b\u1ea1n t\u1ea1o n\u00ean nh\u1eefng l\u1eddi y\u00eau th\u01b0\u01a1ng, nh\u1eefng k\u1ec9 ni\u1ec7m kh\u00f4ng th\u1ec3 n\u00e0o qu\u00ean khi ch\u00fang ta t\u1ef1 tay trang tr\u00ed b\u1eefa ti\u1ec7c cho nh\u1eefng ng\u01b0\u1eddi th\u00e2n y\u00eau.<br \/>\nH\u00e3y mang ch\u00fang v\u1ec1 v\u00e0 t\u1ef1 tay l\u00e0m n\u00ean bu\u1ed5i ti\u1ec7c tuy\u1ec7t v\u1eddi c\u00f9ng Chu Party nh\u00e9!<\/p>\n<p><strong>Th\u00f4ng tin s\u1ea3n ph\u1ea9m:<\/strong><\/p>\n<ul>\n<li>K\u00edch th\u01b0\u1edbc: 16in<\/li>\n<li>Ch\u1ea5t li\u1ec7u: nh\u00f4m ki\u1ebfng<\/li>\n<li>C\u00e1ch th\u1ee9c \u0111\u00f3ng g\u00f3i: 1 b\u00f3ng\/t\u00fai<\/li>\n<li>B\u1ed9 b\u00f3ng \u0111\u01b0\u1ee3c giao \u1edf tr\u1ea1ng th\u00e1i ch\u01b0a b\u01a1m; h\u01b0\u1edbng d\u1eabn c\u00e1ch b\u01a1m b\u00f3ng nh\u00f4m nh\u01b0 sau:<img loading=\"lazy\" decoding=\"async\" class=\"alignnone wp-image-3037\" src=\"https:\/\/chuparty.vn\/wp-content\/uploads\/2022\/05\/72526517_1771510859659213_305844578198487040_n.jpg\" alt=\"\" width=\"238\" height=\"181\" \/><\/li>\n<\/ul>\n","protected":false},"excerpt":{"rendered":"<p><strong>Th\u00f4ng tin s\u1ea3n ph\u1ea9m<\/strong><\/p>\n<ul>\n<li>K\u00edch th\u01b0\u1edbc: Cao 40cm<\/li>\n<li>C\u00e1ch th\u1ee9c \u0111\u00f3ng g\u00f3i: 01 c\u00e1i<\/li>\n<\/ul>\n","protected":false},"featured_media":1128,"comment_status":"open","ping_status":"closed","template":"","meta":[],"product_cat":[68,371],"product_tag":[150],"class_list":{"0":"post-1037","1":"product","2":"type-product","3":"status-publish","4":"has-post-thumbnail","6":"product_cat-bong-nhom","7":"product_cat-bong-chu","8":"product_tag-bong-chu","9":"pa_mau-sac-bac","10":"pa_mau-sac-gold","11":"pa_mau-sac-rose-gold","13":"first","14":"instock","15":"shipping-taxable","16":"purchasable","17":"product-type-variable"},"_links":{"self":[{"href":"https:\/\/chuparty.vn\/index.php?rest_route=\/wp\/v2\/product\/1037","targetHints":{"allow":["GET"]}}],"collection":[{"href":"https:\/\/chuparty.vn\/index.php?rest_route=\/wp\/v2\/product"}],"about":[{"href":"https:\/\/chuparty.vn\/index.php?rest_route=\/wp\/v2\/types\/product"}],"replies":[{"embeddable":true,"href":"https:\/\/chuparty.vn\/index.php?rest_route=%2Fwp%2Fv2%2Fcomments&post=1037"}],"wp:featuredmedia":[{"embeddable":true,"href":"https:\/\/chuparty.vn\/index.php?rest_route=\/wp\/v2\/media\/1128"}],"wp:attachment":[{"href":"https:\/\/chuparty.vn\/index.php?rest_route=%2Fwp%2Fv2%2Fmedia&parent=1037"}],"wp:term":[{"taxonomy":"product_cat","embeddable":true,"href":"https:\/\/chuparty.vn\/index.php?rest_route=%2Fwp%2Fv2%2Fproduct_cat&post=1037"},{"taxonomy":"product_tag","embeddable":true,"href":"https:\/\/chuparty.vn\/index.php?rest_route=%2Fwp%2Fv2%2Fproduct_tag&post=1037"}],"curies":[{"name":"wp","href":"https:\/\/api.w.org\/{rel}","templated":true}]}}