{"id":10363,"date":"2025-05-20T10:23:02","date_gmt":"2025-05-20T03:23:02","guid":{"rendered":"https:\/\/chuparty.vn\/?post_type=product&#038;p=10363"},"modified":"2026-03-14T15:26:32","modified_gmt":"2026-03-14T08:26:32","slug":"gruduation-confetti-cannon","status":"publish","type":"product","link":"https:\/\/chuparty.vn\/?product=gruduation-confetti-cannon","title":{"rendered":"GRADUATION CONFETTI CANNON"},"content":{"rendered":"<p><strong>Chi ti\u1ebft s\u1ea3n ph\u1ea9m:<\/strong> S\u00fang b\u1eafn Confetti (b\u00f4ng gi\u1ea5y) gi\u00fap cho bu\u1ed5i ti\u1ec7c c\u1ee7a b\u1ea1n th\u00eam ph\u1ea7n vui nh\u1ed9n.<\/p>\n<ul>\n<li>K\u00edch th\u01b0\u1edbc: 15cm<\/li>\n<li>Ch\u1ea5t li\u1ec7u: b\u1ed9t m\u00e0u an to\u00e0n s\u1ee9c kh\u1ecfe<\/li>\n<li>M\u00e0u s\u1eafc b\u00f4ng gi\u1ea5y: tr\u1eafng \u0111en b\u1ea1c<\/li>\n<li>C\u00e1ch th\u1ee9c \u0111\u00f3ng g\u00f3i : 1 c\u00e1i\/t\u00fai<\/li>\n<\/ul>\n","protected":false},"excerpt":{"rendered":"<p>Chi ti\u1ebft s\u1ea3n ph\u1ea9m: S\u00fang b\u1eafn Confetti (b\u00f4ng gi\u1ea5y) gi\u00fap cho bu\u1ed5i ti\u1ec7c c\u1ee7a b\u1ea1n th\u00eam ph\u1ea7n vui nh\u1ed9n. K\u00edch th\u01b0\u1edbc: 15cm Ch\u1ea5t li\u1ec7u: b\u1ed9t m\u00e0u an to\u00e0n s\u1ee9c kh\u1ecfe M\u00e0u s\u1eafc b\u00f4ng gi\u1ea5y: tr\u1eafng \u0111en b\u1ea1c C\u00e1ch th\u1ee9c \u0111\u00f3ng g\u00f3i : 1 c\u00e1i\/t\u00fai<\/p>\n","protected":false},"featured_media":10380,"comment_status":"open","ping_status":"closed","template":"","meta":[],"product_cat":[365,135,16,471],"product_tag":[],"class_list":{"0":"post-10363","1":"product","2":"type-product","3":"status-publish","4":"has-post-thumbnail","6":"product_cat-graduation","7":"product_cat-new-arrival","8":"product_cat-phu-kien-trang-tri","9":"product_cat-phu-kien-tiec","11":"first","12":"instock","13":"shipping-taxable","14":"purchasable","15":"product-type-simple"},"_links":{"self":[{"href":"https:\/\/chuparty.vn\/index.php?rest_route=\/wp\/v2\/product\/10363","targetHints":{"allow":["GET"]}}],"collection":[{"href":"https:\/\/chuparty.vn\/index.php?rest_route=\/wp\/v2\/product"}],"about":[{"href":"https:\/\/chuparty.vn\/index.php?rest_route=\/wp\/v2\/types\/product"}],"replies":[{"embeddable":true,"href":"https:\/\/chuparty.vn\/index.php?rest_route=%2Fwp%2Fv2%2Fcomments&post=10363"}],"wp:featuredmedia":[{"embeddable":true,"href":"https:\/\/chuparty.vn\/index.php?rest_route=\/wp\/v2\/media\/10380"}],"wp:attachment":[{"href":"https:\/\/chuparty.vn\/index.php?rest_route=%2Fwp%2Fv2%2Fmedia&parent=10363"}],"wp:term":[{"taxonomy":"product_cat","embeddable":true,"href":"https:\/\/chuparty.vn\/index.php?rest_route=%2Fwp%2Fv2%2Fproduct_cat&post=10363"},{"taxonomy":"product_tag","embeddable":true,"href":"https:\/\/chuparty.vn\/index.php?rest_route=%2Fwp%2Fv2%2Fproduct_tag&post=10363"}],"curies":[{"name":"wp","href":"https:\/\/api.w.org\/{rel}","templated":true}]}}