{"id":10241,"date":"2025-04-26T17:56:57","date_gmt":"2025-04-26T10:56:57","guid":{"rendered":"https:\/\/chuparty.vn\/?post_type=product&#038;p=10241"},"modified":"2026-02-24T14:26:54","modified_gmt":"2026-02-24T07:26:54","slug":"combo-bong-handmade-den-bac","status":"publish","type":"product","link":"https:\/\/chuparty.vn\/?product=combo-bong-handmade-den-bac","title":{"rendered":"COMBO B\u00d3NG HANDMADE \u0110EN B\u1ea0C"},"content":{"rendered":"<p><strong>Th\u00f4ng tin chi ti\u1ebft s\u1ea3n ph\u1ea9m: COMBO B\u00d3NG HANDMADE \u0110EN B\u1ea0C<\/strong><\/p>\n<p>* B\u00f3ng S\u1ed1 m\u00e0u \u0111en size 100cm * 1<br \/>\n* B\u00f3ng Daisy handmade \u0111en b\u1ea1c * 1<br \/>\n* B\u00f3ng B\u00e1nh sinh nh\u1eadt handmade \u0111en b\u1ea1c * 1<br \/>\nCombo b\u00f3ng s\u1ebd \u0111\u1eb9p h\u01a1n khi k\u1ebft h\u1ee3p th\u00eam D\u00e2y ch\u1eef HAPPY BIRTHDAY<br \/>\nm\u00e0u \u0111en\/b\u1ea1c<\/p>\n","protected":false},"excerpt":{"rendered":"<p>Th\u00f4ng tin chi ti\u1ebft s\u1ea3n ph\u1ea9m: COMBO B\u00d3NG HANDMADE \u0110EN B\u1ea0C * B\u00f3ng S\u1ed1 m\u00e0u \u0111en size 100cm * 1 * B\u00f3ng Daisy handmade \u0111en b\u1ea1c * 1 * B\u00f3ng B\u00e1nh sinh nh\u1eadt handmade \u0111en b\u1ea1c * 1 Combo b\u00f3ng s\u1ebd \u0111\u1eb9p h\u01a1n khi k\u1ebft h\u1ee3p th\u00eam D\u00e2y ch\u1eef HAPPY BIRTHDAY m\u00e0u \u0111en\/b\u1ea1c<\/p>\n","protected":false},"featured_media":10242,"comment_status":"open","ping_status":"closed","template":"","meta":[],"product_cat":[508,492,366],"product_tag":[],"class_list":{"0":"post-10241","1":"product","2":"type-product","3":"status-publish","4":"has-post-thumbnail","6":"product_cat-combo-bong-handmade","7":"product_cat-black-white","8":"product_cat-combo-bong-tru-handmade","10":"first","11":"instock","12":"shipping-taxable","13":"purchasable","14":"product-type-simple"},"_links":{"self":[{"href":"https:\/\/chuparty.vn\/index.php?rest_route=\/wp\/v2\/product\/10241","targetHints":{"allow":["GET"]}}],"collection":[{"href":"https:\/\/chuparty.vn\/index.php?rest_route=\/wp\/v2\/product"}],"about":[{"href":"https:\/\/chuparty.vn\/index.php?rest_route=\/wp\/v2\/types\/product"}],"replies":[{"embeddable":true,"href":"https:\/\/chuparty.vn\/index.php?rest_route=%2Fwp%2Fv2%2Fcomments&post=10241"}],"wp:featuredmedia":[{"embeddable":true,"href":"https:\/\/chuparty.vn\/index.php?rest_route=\/wp\/v2\/media\/10242"}],"wp:attachment":[{"href":"https:\/\/chuparty.vn\/index.php?rest_route=%2Fwp%2Fv2%2Fmedia&parent=10241"}],"wp:term":[{"taxonomy":"product_cat","embeddable":true,"href":"https:\/\/chuparty.vn\/index.php?rest_route=%2Fwp%2Fv2%2Fproduct_cat&post=10241"},{"taxonomy":"product_tag","embeddable":true,"href":"https:\/\/chuparty.vn\/index.php?rest_route=%2Fwp%2Fv2%2Fproduct_tag&post=10241"}],"curies":[{"name":"wp","href":"https:\/\/api.w.org\/{rel}","templated":true}]}}