{"id":10221,"date":"2025-04-26T16:43:53","date_gmt":"2025-04-26T09:43:53","guid":{"rendered":"https:\/\/chuparty.vn\/?post_type=product&#038;p=10221"},"modified":"2026-03-10T16:14:12","modified_gmt":"2026-03-10T09:14:12","slug":"bang-signboard-balloon-5070cm","status":"publish","type":"product","link":"https:\/\/chuparty.vn\/?product=bang-signboard-balloon-5070cm","title":{"rendered":"B\u1ea2NG SIGNBOARD BALLOON 50*70CM"},"content":{"rendered":"<p><strong>B\u1ea3ng Signboard Balloon ph\u00f9 h\u1ee3p cho c\u00e1c event Khai tr\u01b0\u01a1ng, L\u1ec5 T\u1ed1t Nghi\u1ec7p, Th\u00f4i N\u00f4i, Sinh nh\u1eadt, \u0110\u1ea7y Th\u00e1ng, Baby Shower \u2026 G\u1ed3m:<\/strong><\/p>\n<p>* 1 b\u1ea3ng tr\u1eafng Signboard 50cm*70cm v\u1edbi n\u1ed9i dung t\u00f9y ch\u1ecdn theo y\u00eau c\u1ea7u<strong><br \/>\n<\/strong>* 1 ch\u00e2n k\u1ec7 size 160cm<br \/>\n* 1 m\u00f4 h\u00ecnh b\u00f3ng b\u00e1nh sinh nh\u1eadt &#8211; m\u00e0u s\u1eafc t\u00f9y ch\u1ecdn theo y\u00eau c\u1ea7u<\/p>\n<p><strong>L\u01afU \u00dd: V\u1edbi s\u1ea3n ph\u1ea9m c\u1ed3ng k\u1ec1nh Chu Party s\u1ebd ship b\u1edfi d\u1ecbch v\u1ee5 giao h\u00e0ng 4 ch\u1ed7\/7 ch\u1ed7 \u0111\u1ec3 \u0111\u1ea3m b\u1ea3o an to\u00e0n \u1ea1. Ph\u00ed ship s\u1ebd t\u00f9y theo qu\u00e3ng \u0111\u01b0\u1eddng v\u00e0 th\u1eddi \u0111i\u1ec3m \u0111\u1eb7t xe, ho\u1eb7c b\u1ea1n c\u00f3 th\u1ec3 t\u1ef1 book xe\/ nh\u1eadn b\u00f3ng t\u1ea1i C\u1eeda h\u00e0ng.<\/strong><\/p>\n","protected":false},"excerpt":{"rendered":"<p>B\u1ea3ng Signboard Balloon ph\u00f9 h\u1ee3p cho c\u00e1c event Khai tr\u01b0\u01a1ng, L\u1ec5 T\u1ed1t Nghi\u1ec7p, Th\u00f4i N\u00f4i, Sinh nh\u1eadt, \u0110\u1ea7y Th\u00e1ng, Baby Shower \u2026 G\u1ed3m: * 1 b\u1ea3ng tr\u1eafng Signboard 50cm*70cm v\u1edbi n\u1ed9i dung t\u00f9y ch\u1ecdn theo y\u00eau c\u1ea7u * 1 ch\u00e2n k\u1ec7 size 160cm * 1 m\u00f4 h\u00ecnh b\u00f3ng b\u00e1nh sinh nh\u1eadt &#8211; m\u00e0u s\u1eafc t\u00f9y [&hellip;]<\/p>\n","protected":false},"featured_media":10224,"comment_status":"open","ping_status":"closed","template":"","meta":[],"product_cat":[521,137,366],"product_tag":[],"class_list":{"0":"post-10221","1":"product","2":"type-product","3":"status-publish","4":"has-post-thumbnail","6":"product_cat-bang-signboard-balloon","7":"product_cat-1st-birthday","8":"product_cat-combo-bong-tru-handmade","10":"first","11":"instock","12":"shipping-taxable","13":"purchasable","14":"product-type-simple"},"_links":{"self":[{"href":"https:\/\/chuparty.vn\/index.php?rest_route=\/wp\/v2\/product\/10221","targetHints":{"allow":["GET"]}}],"collection":[{"href":"https:\/\/chuparty.vn\/index.php?rest_route=\/wp\/v2\/product"}],"about":[{"href":"https:\/\/chuparty.vn\/index.php?rest_route=\/wp\/v2\/types\/product"}],"replies":[{"embeddable":true,"href":"https:\/\/chuparty.vn\/index.php?rest_route=%2Fwp%2Fv2%2Fcomments&post=10221"}],"wp:featuredmedia":[{"embeddable":true,"href":"https:\/\/chuparty.vn\/index.php?rest_route=\/wp\/v2\/media\/10224"}],"wp:attachment":[{"href":"https:\/\/chuparty.vn\/index.php?rest_route=%2Fwp%2Fv2%2Fmedia&parent=10221"}],"wp:term":[{"taxonomy":"product_cat","embeddable":true,"href":"https:\/\/chuparty.vn\/index.php?rest_route=%2Fwp%2Fv2%2Fproduct_cat&post=10221"},{"taxonomy":"product_tag","embeddable":true,"href":"https:\/\/chuparty.vn\/index.php?rest_route=%2Fwp%2Fv2%2Fproduct_tag&post=10221"}],"curies":[{"name":"wp","href":"https:\/\/api.w.org\/{rel}","templated":true}]}}