{"id":10203,"date":"2025-04-23T10:40:04","date_gmt":"2025-04-23T03:40:04","guid":{"rendered":"https:\/\/chuparty.vn\/?post_type=product&#038;p=10203"},"modified":"2026-03-27T14:33:15","modified_gmt":"2026-03-27T07:33:15","slug":"dich-vu-trang-tri-set-up-mini-ms-03-4","status":"publish","type":"product","link":"https:\/\/chuparty.vn\/?product=dich-vu-trang-tri-set-up-mini-ms-03-4","title":{"rendered":"D\u1ecaCH V\u1ee4 TRANG TR\u00cd \u2013 SET UP MINI MS-03"},"content":{"rendered":"<ul>\n<li>G\u00f3i trang tr\u00ed \u2013\u00a0<strong>SET UP MINI MS-03<\/strong>\u00a0t\u1ea1i Chu \u0111\u01b0\u1ee3c thi\u1ebft k\u1ebf ph\u00f9 h\u1ee3p cho bu\u1ed5i ti\u1ec7c nh\u1ecf, \u1ea5m c\u00fang, nh\u01b0 ti\u1ec7c Bridal shower, Surprise, Sinh nh\u1eadt, Th\u00f4i N\u00f4i, \u0110\u1ea7y th\u00e1ng, C\u1ea7u h\u00f4n \u2026<\/li>\n<li>G\u1ed3m:<br \/>\n* 1 Ch\u00fa Ch\u00f3 Handmade size XL \u0111\u01b0\u1ee3c l\u00e0m handmade t\u1eeb b\u00f3ng tr\u00f2n 36in<br \/>\n* K\u00edch th\u01b0\u1edbc: 2,5m * 2,5m<br \/>\n* M\u00e0u b\u00f3ng t\u00f9y ch\u1ecdn theo ch\u1ee7 \u0111\u1ec1 y\u00eau c\u1ea7u<\/li>\n<li><strong>L\u01afU \u00dd:\u00a0<\/strong><\/li>\n<li><strong>C\u00e1c h\u1ea1ng m\u1ee5c set up vui l\u00f2ng \u0111\u1ecdc k\u1ef9 th\u00f4ng tin v\u00e0 x\u00e1c nh\u1eadn, ch\u1ed1t th\u00f4ng tin v\u1edbi t\u01b0 v\u1ea5n vi\u00ean, nh\u00e2n vi\u00ean b\u00e1n h\u00e0ng.<\/strong><\/li>\n<li><strong>Set up \u0111\u01b0\u1ee3c th\u1ef1c hi\u1ec7n trong v\u00f2ng 2-3h, n\u1ebfu d\u1eddi l\u1ecbch vui l\u00f2ng b\u00e1o tr\u01b0\u1edbc \u00edt nh\u1ea5t 3-4h, n\u1ebfu kh\u00f4ng b\u00e1o ho\u1eb7c b\u00e1o ch\u1eadm h\u01a1n th\u1eddi gian tr\u00ean, xin ph\u00e9p h\u1ee7y \u0111\u01a1n kh\u00f4ng ho\u00e0n c\u1ecdc.<\/strong><\/li>\n<\/ul>\n","protected":false},"excerpt":{"rendered":"<p>G\u00f3i trang tr\u00ed \u2013\u00a0SET UP MINI MS-03\u00a0t\u1ea1i Chu \u0111\u01b0\u1ee3c thi\u1ebft k\u1ebf ph\u00f9 h\u1ee3p cho bu\u1ed5i ti\u1ec7c nh\u1ecf, \u1ea5m c\u00fang, nh\u01b0 ti\u1ec7c Bridal shower, Surprise, Sinh nh\u1eadt, Th\u00f4i N\u00f4i, \u0110\u1ea7y th\u00e1ng, C\u1ea7u h\u00f4n \u2026 G\u1ed3m: * 1 Ch\u00fa Ch\u00f3 Handmade size XL \u0111\u01b0\u1ee3c l\u00e0m handmade t\u1eeb b\u00f3ng tr\u00f2n 36in * K\u00edch th\u01b0\u1edbc: 2,5m * 2,5m * [&hellip;]<\/p>\n","protected":false},"featured_media":10204,"comment_status":"open","ping_status":"closed","template":"","meta":[],"product_cat":[525,529,528,318,137,337,213,482,407,497],"product_tag":[],"class_list":{"0":"post-10203","1":"product","2":"type-product","3":"status-publish","4":"has-post-thumbnail","6":"product_cat-bridal-shower","7":"product_cat-tiec-cho-be","8":"product_cat-tiec-nguoi-lon","9":"product_cat-baby-shower","10":"product_cat-1st-birthday","11":"product_cat-grand-opening","12":"product_cat-love-wedding-anniversary","13":"product_cat-bong-bay-cho-tiec-cau-hon","14":"product_cat-set-up","15":"product_cat-characters-balloon","17":"first","18":"instock","19":"shipping-taxable","20":"purchasable","21":"product-type-simple"},"_links":{"self":[{"href":"https:\/\/chuparty.vn\/index.php?rest_route=\/wp\/v2\/product\/10203","targetHints":{"allow":["GET"]}}],"collection":[{"href":"https:\/\/chuparty.vn\/index.php?rest_route=\/wp\/v2\/product"}],"about":[{"href":"https:\/\/chuparty.vn\/index.php?rest_route=\/wp\/v2\/types\/product"}],"replies":[{"embeddable":true,"href":"https:\/\/chuparty.vn\/index.php?rest_route=%2Fwp%2Fv2%2Fcomments&post=10203"}],"wp:featuredmedia":[{"embeddable":true,"href":"https:\/\/chuparty.vn\/index.php?rest_route=\/wp\/v2\/media\/10204"}],"wp:attachment":[{"href":"https:\/\/chuparty.vn\/index.php?rest_route=%2Fwp%2Fv2%2Fmedia&parent=10203"}],"wp:term":[{"taxonomy":"product_cat","embeddable":true,"href":"https:\/\/chuparty.vn\/index.php?rest_route=%2Fwp%2Fv2%2Fproduct_cat&post=10203"},{"taxonomy":"product_tag","embeddable":true,"href":"https:\/\/chuparty.vn\/index.php?rest_route=%2Fwp%2Fv2%2Fproduct_tag&post=10203"}],"curies":[{"name":"wp","href":"https:\/\/api.w.org\/{rel}","templated":true}]}}