{"id":10097,"date":"2025-03-27T13:50:56","date_gmt":"2025-03-27T06:50:56","guid":{"rendered":"https:\/\/chuparty.vn\/?post_type=product&#038;p=10097"},"modified":"2026-03-28T16:37:34","modified_gmt":"2026-03-28T09:37:34","slug":"bong-hinh-cappybara-4-mau","status":"publish","type":"product","link":"https:\/\/chuparty.vn\/?product=bong-hinh-cappybara-4-mau","title":{"rendered":"B\u00d3NG H\u00ccNH CAPYBARA &#8211; 5 M\u1eaaU"},"content":{"rendered":"<p><strong>Chi ti\u1ebft s\u1ea3n ph\u1ea9m: B\u00d3NG H\u00ccNH CAPYBARA &#8211; 5 M\u1eaaU<\/strong><\/p>\n<ul>\n<li>K\u00edch th\u01b0\u1edbc:<\/li>\n<li>Ch\u1ea5t li\u1ec7u: nh\u00f4m k\u00ednh<\/li>\n<li>C\u00e1ch th\u1ee9c \u0111\u00f3ng g\u00f3i : 1 b\u00f3ng\/t\u00fai + \u1ed1ng h\u00fat.<\/li>\n<li>5 m\u1eabu g\u1ed3m: \u0111\u1ea7u Capy; Capy \u0111eo balo ; Capy \u0111\u1ed9i qu\u1ea3 cam ; Capy c\u1ea7m b\u00e1nh sinh nh\u1eadt v\u00e0 Capy \u0111\u1ed9i n\u00f3n Party<br \/>\n<strong>\u2013&gt;<\/strong>\u00a0B\u00f3ng \u0111\u01b0\u1ee3c giao \u1edf tr\u1ea1ng th\u00e1i ch\u01b0a b\u01a1m, b\u00f3ng c\u00f3 th\u1ec3 b\u01a1m b\u1eb1ng m\u00e1y b\u01a1m\/b\u01a1m tay ho\u1eb7c kh\u00ed helium t\u00f9y theo nhu c\u1ea7u s\u1eed d\u1ee5ng.<br \/>\n<strong>\u2013&gt;<\/strong>\u00a0N\u1ebfu b\u1ea1n c\u00f3 nhu c\u1ea7u b\u01a1m kh\u00ed helium \u0111\u1ec3 b\u00f3ng bay, vui l\u00f2ng li\u00ean h\u1ec7 v\u1edbi nh\u00e2n vi\u00ean b\u00e1n h\u00e0ng \u0111\u1ec3 \u0111\u01b0\u1ee3c t\u01b0 v\u1ea5n v\u00e0 b\u00e1o gi\u00e1.<\/li>\n<\/ul>\n","protected":false},"excerpt":{"rendered":"<p>Chi ti\u1ebft s\u1ea3n ph\u1ea9m: B\u00d3NG H\u00ccNH CAPYBARA &#8211; 5 M\u1eaaU K\u00edch th\u01b0\u1edbc: Ch\u1ea5t li\u1ec7u: nh\u00f4m k\u00ednh C\u00e1ch th\u1ee9c \u0111\u00f3ng g\u00f3i : 1 b\u00f3ng\/t\u00fai + \u1ed1ng h\u00fat. 5 m\u1eabu g\u1ed3m: \u0111\u1ea7u Capy; Capy \u0111eo balo ; Capy \u0111\u1ed9i qu\u1ea3 cam ; Capy c\u1ea7m b\u00e1nh sinh nh\u1eadt v\u00e0 Capy \u0111\u1ed9i n\u00f3n Party \u2013&gt;\u00a0B\u00f3ng \u0111\u01b0\u1ee3c giao \u1edf tr\u1ea1ng [&hellip;]<\/p>\n","protected":false},"featured_media":10098,"comment_status":"open","ping_status":"closed","template":"","meta":[],"product_cat":[532,135,68,46,430],"product_tag":[],"class_list":{"0":"post-10097","1":"product","2":"type-product","3":"status-publish","4":"has-post-thumbnail","6":"product_cat-capybara","7":"product_cat-new-arrival","8":"product_cat-bong-nhom","9":"product_cat-bong-hinh","10":"product_cat-dong-gia-30k-35k","12":"first","13":"instock","14":"shipping-taxable","15":"purchasable","16":"product-type-simple"},"_links":{"self":[{"href":"https:\/\/chuparty.vn\/index.php?rest_route=\/wp\/v2\/product\/10097","targetHints":{"allow":["GET"]}}],"collection":[{"href":"https:\/\/chuparty.vn\/index.php?rest_route=\/wp\/v2\/product"}],"about":[{"href":"https:\/\/chuparty.vn\/index.php?rest_route=\/wp\/v2\/types\/product"}],"replies":[{"embeddable":true,"href":"https:\/\/chuparty.vn\/index.php?rest_route=%2Fwp%2Fv2%2Fcomments&post=10097"}],"wp:featuredmedia":[{"embeddable":true,"href":"https:\/\/chuparty.vn\/index.php?rest_route=\/wp\/v2\/media\/10098"}],"wp:attachment":[{"href":"https:\/\/chuparty.vn\/index.php?rest_route=%2Fwp%2Fv2%2Fmedia&parent=10097"}],"wp:term":[{"taxonomy":"product_cat","embeddable":true,"href":"https:\/\/chuparty.vn\/index.php?rest_route=%2Fwp%2Fv2%2Fproduct_cat&post=10097"},{"taxonomy":"product_tag","embeddable":true,"href":"https:\/\/chuparty.vn\/index.php?rest_route=%2Fwp%2Fv2%2Fproduct_tag&post=10097"}],"curies":[{"name":"wp","href":"https:\/\/api.w.org\/{rel}","templated":true}]}}