{"id":10076,"date":"2025-03-27T10:43:06","date_gmt":"2025-03-27T03:43:06","guid":{"rendered":"https:\/\/chuparty.vn\/?post_type=product&#038;p=10076"},"modified":"2025-04-23T17:00:01","modified_gmt":"2025-04-23T10:00:01","slug":"dich-vu-trang-tri-set-up-basic-ms-05","status":"publish","type":"product","link":"https:\/\/chuparty.vn\/?product=dich-vu-trang-tri-set-up-basic-ms-05","title":{"rendered":"D\u1ecaCH V\u1ee4 TRANG TR\u00cd \u2013 SET UP BASIC MS-06"},"content":{"rendered":"<ul>\n<li>D\u1ecbch v\u1ee5 set up mini t\u1ea1i<strong>\u00a0Chu Party<\/strong>\u00a0\u0111\u01b0\u1ee3c thi\u1ebft k\u1ebf ph\u00f9 h\u1ee3p cho nh\u1eefng bu\u1ed5i ti\u1ec7c nh\u1ecf, \u1ea5m c\u00fang v\u00e0 nh\u1eefng bu\u1ed5i ti\u1ec7c mang t\u00ednh b\u1ea5t ng\u1edd nh\u01b0 Th\u00f4i N\u00f4i, Sinh nh\u1eadt, C\u1ea7u h\u00f4n, K\u1ec9 Ni\u1ec7m \u2026<\/li>\n<li><strong>G\u00d3I SET UP BASIC MS-06<\/strong>\u00a0g\u1ed3m:<br \/>\n* Khung bong b\u00f3ng full ch\u1eef nh\u1eadt k\u00edch th\u01b0\u1edbc (W*H) 1,5M * 2M<br \/>\n* Line bong b\u00f3ng freestyle \u2013 m\u00e0u b\u00f3ng t\u00f9y ch\u1ecdn theo y\u00eau c\u1ea7u<br \/>\n* B\u00f3ng h\u00ecnh trang tr\u00ed ch\u1ee7 \u0111\u1ec1 sinh v\u1eadt bi\u1ec3n * 5<\/li>\n<li>C\u00e1c h\u1ea1ng m\u1ee5c set up vui l\u00f2ng \u0111\u1ecdc k\u1ef9 th\u00f4ng tin v\u00e0 x\u00e1c nh\u1eadn, ch\u1ed1t th\u00f4ng tin v\u1edbi t\u01b0 v\u1ea5n vi\u00ean.<\/li>\n<li>Set up \u0111\u01b0\u1ee3c th\u1ef1c hi\u1ec7n trong v\u00f2ng 2-3h, n\u1ebfu d\u1eddi l\u1ecbch vui l\u00f2ng b\u00e1o tr\u01b0\u1edbc 3-4h, n\u1ebfu kh\u00f4ng b\u00e1o ho\u1eb7c b\u00e1o ch\u1eadm h\u01a1n th\u1eddi gian tr\u00ean, xin ph\u00e9p h\u1ee7y \u0111\u01a1n kh\u00f4ng ho\u00e0n c\u1ecdc.<\/li>\n<li>Trong tr\u01b0\u1eddng h\u1ee3p g\u00f3i set up c\u00f3 s\u1eed d\u1ee5ng tr\u1ee5, b\u1ee5c, khung\/v\u00f2m, nh\u00e2n vi\u00ean set up s\u1ebd quay tr\u1edf l\u1ea1i thu d\u1ecdn sau ti\u1ec7c l\u00e0 3h-4h theo th\u1ecfa thu\u1eadn.<\/li>\n<\/ul>\n","protected":false},"excerpt":{"rendered":"<p>D\u1ecbch v\u1ee5 set up mini t\u1ea1i\u00a0Chu Party\u00a0\u0111\u01b0\u1ee3c thi\u1ebft k\u1ebf ph\u00f9 h\u1ee3p cho nh\u1eefng bu\u1ed5i ti\u1ec7c nh\u1ecf, \u1ea5m c\u00fang v\u00e0 nh\u1eefng bu\u1ed5i ti\u1ec7c mang t\u00ednh b\u1ea5t ng\u1edd nh\u01b0 Th\u00f4i N\u00f4i, Sinh nh\u1eadt, C\u1ea7u h\u00f4n, K\u1ec9 Ni\u1ec7m \u2026 G\u00d3I SET UP BASIC MS-06\u00a0g\u1ed3m: * Khung bong b\u00f3ng full ch\u1eef nh\u1eadt k\u00edch th\u01b0\u1edbc (W*H) 1,5M * 2M * [&hellip;]<\/p>\n","protected":false},"featured_media":10077,"comment_status":"open","ping_status":"closed","template":"","meta":[],"product_cat":[529,266,407],"product_tag":[],"class_list":{"0":"post-10076","1":"product","2":"type-product","3":"status-publish","4":"has-post-thumbnail","6":"product_cat-tiec-cho-be","7":"product_cat-under-the-sea","8":"product_cat-set-up","10":"first","11":"instock","12":"shipping-taxable","13":"purchasable","14":"product-type-simple"},"_links":{"self":[{"href":"https:\/\/chuparty.vn\/index.php?rest_route=\/wp\/v2\/product\/10076","targetHints":{"allow":["GET"]}}],"collection":[{"href":"https:\/\/chuparty.vn\/index.php?rest_route=\/wp\/v2\/product"}],"about":[{"href":"https:\/\/chuparty.vn\/index.php?rest_route=\/wp\/v2\/types\/product"}],"replies":[{"embeddable":true,"href":"https:\/\/chuparty.vn\/index.php?rest_route=%2Fwp%2Fv2%2Fcomments&post=10076"}],"wp:featuredmedia":[{"embeddable":true,"href":"https:\/\/chuparty.vn\/index.php?rest_route=\/wp\/v2\/media\/10077"}],"wp:attachment":[{"href":"https:\/\/chuparty.vn\/index.php?rest_route=%2Fwp%2Fv2%2Fmedia&parent=10076"}],"wp:term":[{"taxonomy":"product_cat","embeddable":true,"href":"https:\/\/chuparty.vn\/index.php?rest_route=%2Fwp%2Fv2%2Fproduct_cat&post=10076"},{"taxonomy":"product_tag","embeddable":true,"href":"https:\/\/chuparty.vn\/index.php?rest_route=%2Fwp%2Fv2%2Fproduct_tag&post=10076"}],"curies":[{"name":"wp","href":"https:\/\/api.w.org\/{rel}","templated":true}]}}