{"id":10071,"date":"2025-03-26T15:21:05","date_gmt":"2025-03-26T08:21:05","guid":{"rendered":"https:\/\/chuparty.vn\/?post_type=product&#038;p=10071"},"modified":"2026-02-24T14:25:32","modified_gmt":"2026-02-24T07:25:32","slug":"combo-bong-gau-xam-matte-2","status":"publish","type":"product","link":"https:\/\/chuparty.vn\/?product=combo-bong-gau-xam-matte-2","title":{"rendered":"COMBO B\u00d3NG G\u1ea4U X\u00c1M MATTE"},"content":{"rendered":"<p><strong>Th\u00f4ng tin chi ti\u1ebft s\u1ea3n ph\u1ea9m: COMBO B\u00d3NG G\u1ea4U X\u00c1M MATTE<\/strong><\/p>\n<p>* Set B\u00f3ng N\u01a1 b\u00f3ng handmade tone m\u00e0u c\u00e1t &#8211; \u0111en * 6<br \/>\n* Mix set 10 b\u00f3ng tr\u00f2n helium tone m\u00e0u c\u00e1t &#8211; \u0111en * 10<br \/>\n* B\u00f3ng Gift Balloon (No helium) n\u1ed9i dung tr\u00ean b\u00f3ng t\u00f9y ch\u1ecdn theo y\u00eau c\u1ea7u * 1<br \/>\n* B\u00f3ng h\u00ecnh G\u1ea5u x\u00e1m matte * 1<br \/>\n* B\u00f3ng s\u1ed1 m\u00e0u cream size 75cm * 1<br \/>\n* B\u00f3ng B\u00e1nh sinh nh\u1eadt handmade * 1<br \/>\n* B\u00f3ng hoa Daisy handmade * 3<br \/>\n* Set 6 n\u01a1 v\u1ea3i d\u00e1n b\u00f3ng * 6<\/p>\n<p><strong>L\u01b0u \u00fd:<br \/>\n<\/strong>+ B\u00f3ng Jumbo\/ b\u00f3ng bay s\u1ebd \u0111\u01b0\u1ee3c giao b\u1eb1ng grab car\/taxi, \u0111\u1ec3 gi\u1eef an to\u00e0n cho bong b\u00f3ng tr\u01b0\u1edbc th\u1eddi ti\u1ebft (n\u1eafng ho\u1eb7c m\u01b0a) gi\u00fap cho b\u00f3ng gi\u1eef \u0111\u01b0\u1ee3c m\u00e0u s\u1eafc kh\u00f4ng b\u1ecb xu\u1ed1ng m\u00e0u ho\u1eb7c b\u1ecb b\u1ec3 do va \u0111\u1eadp. \u00a0Ph\u00ed v\u1eadn chuy\u1ec3n s\u1ebd \u0111\u01b0\u1ee3c th\u00f4ng b\u00e1o khi book xe .<br \/>\n+ B\u00f3ng Jumbo\/ b\u00f3ng bay \u0111\u1eb9p nh\u1ea5t t\u1eeb 6-8 ti\u1ebfng \u0111\u1ea7u (trong th\u1eddi gian n\u00e0y b\u00f3ng s\u1ebd lu\u00f4n s\u00e1ng \u0111\u1eb9p v\u00e0 \u0111\u1ed9 bay s\u1ebd \u0111\u01b0\u1ee3c \u0111\u1ea3m b\u1ea3o t\u1ed1t nh\u1ea5t.<br \/>\n+ H\u1ea1n ch\u1ebf \u0111\u1ec3 bong b\u00f3ng \u1edf ngo\u00e0i tr\u1eddi ho\u1eb7c n\u01a1i c\u00f3 nhi\u1ec7t \u0111\u1ed9 cao, g\u1ea7n m\u1eb7t tr\u1eddi ho\u1eb7c \u00e1nh \u0111\u00e8n n\u00f3ng s\u1ebd l\u00e0m v\u1ee1 b\u00f3ng.<\/p>\n","protected":false},"excerpt":{"rendered":"<p>Th\u00f4ng tin chi ti\u1ebft s\u1ea3n ph\u1ea9m: COMBO B\u00d3NG G\u1ea4U X\u00c1M MATTE * Set B\u00f3ng N\u01a1 b\u00f3ng handmade tone m\u00e0u c\u00e1t &#8211; \u0111en * 6 * Mix set 10 b\u00f3ng tr\u00f2n helium tone m\u00e0u c\u00e1t &#8211; \u0111en * 10 * B\u00f3ng Gift Balloon (No helium) n\u1ed9i dung tr\u00ean b\u00f3ng t\u00f9y ch\u1ecdn theo y\u00eau c\u1ea7u * 1 [&hellip;]<\/p>\n","protected":false},"featured_media":10072,"comment_status":"open","ping_status":"closed","template":"","meta":[],"product_cat":[508,524,104,318,137,366],"product_tag":[],"class_list":{"0":"post-10071","1":"product","2":"type-product","3":"status-publish","4":"has-post-thumbnail","6":"product_cat-combo-bong-handmade","7":"product_cat-coquette-core","8":"product_cat-vintage","9":"product_cat-baby-shower","10":"product_cat-1st-birthday","11":"product_cat-combo-bong-tru-handmade","13":"first","14":"instock","15":"shipping-taxable","16":"purchasable","17":"product-type-simple"},"_links":{"self":[{"href":"https:\/\/chuparty.vn\/index.php?rest_route=\/wp\/v2\/product\/10071","targetHints":{"allow":["GET"]}}],"collection":[{"href":"https:\/\/chuparty.vn\/index.php?rest_route=\/wp\/v2\/product"}],"about":[{"href":"https:\/\/chuparty.vn\/index.php?rest_route=\/wp\/v2\/types\/product"}],"replies":[{"embeddable":true,"href":"https:\/\/chuparty.vn\/index.php?rest_route=%2Fwp%2Fv2%2Fcomments&post=10071"}],"wp:featuredmedia":[{"embeddable":true,"href":"https:\/\/chuparty.vn\/index.php?rest_route=\/wp\/v2\/media\/10072"}],"wp:attachment":[{"href":"https:\/\/chuparty.vn\/index.php?rest_route=%2Fwp%2Fv2%2Fmedia&parent=10071"}],"wp:term":[{"taxonomy":"product_cat","embeddable":true,"href":"https:\/\/chuparty.vn\/index.php?rest_route=%2Fwp%2Fv2%2Fproduct_cat&post=10071"},{"taxonomy":"product_tag","embeddable":true,"href":"https:\/\/chuparty.vn\/index.php?rest_route=%2Fwp%2Fv2%2Fproduct_tag&post=10071"}],"curies":[{"name":"wp","href":"https:\/\/api.w.org\/{rel}","templated":true}]}}