{"id":10058,"date":"2025-03-26T10:13:38","date_gmt":"2025-03-26T03:13:38","guid":{"rendered":"https:\/\/chuparty.vn\/?post_type=product&#038;p=10058"},"modified":"2026-01-16T16:22:27","modified_gmt":"2026-01-16T09:22:27","slug":"dich-vu-trang-tri-set-up-mini-ms-03-2","status":"publish","type":"product","link":"https:\/\/chuparty.vn\/?product=dich-vu-trang-tri-set-up-mini-ms-03-2","title":{"rendered":"D\u1ecaCH V\u1ee4 TRANG TR\u00cd \u2013 SET UP BASIC MS-02"},"content":{"rendered":"<ul>\n<li>D\u1ecbch v\u1ee5 set up mini t\u1ea1i<strong>\u00a0Chu Party<\/strong>\u00a0\u0111\u01b0\u1ee3c thi\u1ebft k\u1ebf ph\u00f9 h\u1ee3p cho nh\u1eefng bu\u1ed5i ti\u1ec7c nh\u1ecf, \u1ea5m c\u00fang v\u00e0 nh\u1eefng bu\u1ed5i ti\u1ec7c mang t\u00ednh b\u1ea5t ng\u1edd nh\u01b0 Th\u00f4i N\u00f4i, Sinh nh\u1eadt, C\u1ea7u h\u00f4n, K\u1ec9 Ni\u1ec7m \u2026<\/li>\n<li>G\u00f3i\u00a0<strong>SET UP BASIC MS-02<\/strong>\u00a0g\u1ed3m:<br \/>\n* Khung tr\u00f2n \u0111\u01b0\u1eddng k\u00ednh ~2m<br \/>\n* Line bong b\u00f3ng freestyle u\u1ed1n theo tr\u1ee5 tr\u00f2n \u2013 m\u00e0u b\u00f3ng t\u00f9y ch\u1ecdn theo y\u00eau c\u1ea7u<br \/>\n* B\u00f3ng h\u00ecnh trang tr\u00ed theo ch\u1ee7 \u0111\u1ec1\u00a0 * 3 b\u00f3ng<br \/>\n* T\u1eb7ng 30 b\u00f3ng th\u1ea3 s\u00e0n c\u00f9ng tone m\u00e0u v\u1edbi line b\u00f3ng.<\/li>\n<li>C\u00e1c h\u1ea1ng m\u1ee5c set up vui l\u00f2ng \u0111\u1ecdc k\u1ef9 th\u00f4ng tin v\u00e0 x\u00e1c nh\u1eadn, ch\u1ed1t th\u00f4ng tin v\u1edbi t\u01b0 v\u1ea5n vi\u00ean.<\/li>\n<li>Set up \u0111\u01b0\u1ee3c th\u1ef1c hi\u1ec7n trong v\u00f2ng 2-3h, n\u1ebfu d\u1eddi l\u1ecbch vui l\u00f2ng b\u00e1o tr\u01b0\u1edbc 3-4h, n\u1ebfu kh\u00f4ng b\u00e1o ho\u1eb7c b\u00e1o ch\u1eadm h\u01a1n th\u1eddi gian tr\u00ean, xin ph\u00e9p h\u1ee7y \u0111\u01a1n kh\u00f4ng ho\u00e0n c\u1ecdc.<\/li>\n<li>Trong tr\u01b0\u1eddng h\u1ee3p g\u00f3i set up c\u00f3 s\u1eed d\u1ee5ng tr\u1ee5, b\u1ee5c, khung\/v\u00f2m, nh\u00e2n vi\u00ean set up s\u1ebd quay tr\u1edf l\u1ea1i thu d\u1ecdn sau ti\u1ec7c l\u00e0 3h-4h theo th\u1ecfa thu\u1eadn.<\/li>\n<\/ul>\n","protected":false},"excerpt":{"rendered":"<p>D\u1ecbch v\u1ee5 set up mini t\u1ea1i\u00a0Chu Party\u00a0\u0111\u01b0\u1ee3c thi\u1ebft k\u1ebf ph\u00f9 h\u1ee3p cho nh\u1eefng bu\u1ed5i ti\u1ec7c nh\u1ecf, \u1ea5m c\u00fang v\u00e0 nh\u1eefng bu\u1ed5i ti\u1ec7c mang t\u00ednh b\u1ea5t ng\u1edd nh\u01b0 Th\u00f4i N\u00f4i, Sinh nh\u1eadt, C\u1ea7u h\u00f4n, K\u1ec9 Ni\u1ec7m \u2026 G\u00f3i\u00a0SET UP BASIC MS-02\u00a0g\u1ed3m: * Khung tr\u00f2n \u0111\u01b0\u1eddng k\u00ednh ~2m * Line bong b\u00f3ng freestyle u\u1ed1n theo tr\u1ee5 tr\u00f2n [&hellip;]<\/p>\n","protected":false},"featured_media":10059,"comment_status":"open","ping_status":"closed","template":"","meta":[],"product_cat":[506,529,491,340,269,318,137,365,407],"product_tag":[],"class_list":{"0":"post-10058","1":"product","2":"type-product","3":"status-publish","4":"has-post-thumbnail","6":"product_cat-sanrio","7":"product_cat-tiec-cho-be","8":"product_cat-macaron","9":"product_cat-sweetie","10":"product_cat-unicorn","11":"product_cat-baby-shower","12":"product_cat-1st-birthday","13":"product_cat-graduation","14":"product_cat-set-up","16":"first","17":"instock","18":"shipping-taxable","19":"purchasable","20":"product-type-simple"},"_links":{"self":[{"href":"https:\/\/chuparty.vn\/index.php?rest_route=\/wp\/v2\/product\/10058","targetHints":{"allow":["GET"]}}],"collection":[{"href":"https:\/\/chuparty.vn\/index.php?rest_route=\/wp\/v2\/product"}],"about":[{"href":"https:\/\/chuparty.vn\/index.php?rest_route=\/wp\/v2\/types\/product"}],"replies":[{"embeddable":true,"href":"https:\/\/chuparty.vn\/index.php?rest_route=%2Fwp%2Fv2%2Fcomments&post=10058"}],"wp:featuredmedia":[{"embeddable":true,"href":"https:\/\/chuparty.vn\/index.php?rest_route=\/wp\/v2\/media\/10059"}],"wp:attachment":[{"href":"https:\/\/chuparty.vn\/index.php?rest_route=%2Fwp%2Fv2%2Fmedia&parent=10058"}],"wp:term":[{"taxonomy":"product_cat","embeddable":true,"href":"https:\/\/chuparty.vn\/index.php?rest_route=%2Fwp%2Fv2%2Fproduct_cat&post=10058"},{"taxonomy":"product_tag","embeddable":true,"href":"https:\/\/chuparty.vn\/index.php?rest_route=%2Fwp%2Fv2%2Fproduct_tag&post=10058"}],"curies":[{"name":"wp","href":"https:\/\/api.w.org\/{rel}","templated":true}]}}