{"id":10016,"date":"2025-03-21T10:49:58","date_gmt":"2025-03-21T03:49:58","guid":{"rendered":"https:\/\/chuparty.vn\/?post_type=product&#038;p=10016"},"modified":"2025-03-21T10:49:59","modified_gmt":"2025-03-21T03:49:59","slug":"party-kit-avenger","status":"publish","type":"product","link":"https:\/\/chuparty.vn\/?product=party-kit-avenger","title":{"rendered":"PARTY KIT \u2013 AVENGER"},"content":{"rendered":"<p><strong>Chi ti\u1ebft s\u1ea3n ph\u1ea9m:\u00a0<\/strong>B\u1ed9 trang tr\u00ed sinh nh\u1eadt ch\u1ee7 \u0111\u1ec1 AVENGER bao g\u1ed3m:<br \/>\n* D\u00e2y HAPPY BIRTHDAY m\u00e0u \u0111\u1ecf<br \/>\n* B\u00f3ng h\u00ecnh ch\u1ee7 \u0111\u1ec1 AVENGER (Spiderman, Captain, Antman) * 3 b\u00f3ng<br \/>\n* B\u00f3ng s\u1ed1 m\u00e0u \u0111\u1ecf size 70cm * 1<br \/>\n* B\u00f3ng tr\u00f2n in h\u00ecnh ch\u1ee7 \u0111\u1ec1 45cm * 1<br \/>\n* Mix 12 b\u00f3ng tr\u00f2n 25cm * 12<br \/>\n* Tr\u1ee5 c\u1eafm b\u00f3ng 7 nh\u00e1nh * 1<br \/>\n<strong>L\u01afU \u00dd: Bong b\u00f3ng \u0111\u01b0\u1ee3c giao \u1edf tr\u1ea1ng th\u00e1i ch\u01b0a b\u01a1m, c\u00f3 th\u1ec3 d\u00f9ng b\u01a1m tay ho\u1eb7c b\u01a1m m\u00e1y \u0111\u1ec3 b\u01a1m.<\/strong><\/p>\n","protected":false},"excerpt":{"rendered":"<p>Chi ti\u1ebft s\u1ea3n ph\u1ea9m:\u00a0B\u1ed9 trang tr\u00ed sinh nh\u1eadt ch\u1ee7 \u0111\u1ec1 AVENGER bao g\u1ed3m: * D\u00e2y HAPPY BIRTHDAY m\u00e0u \u0111\u1ecf * B\u00f3ng h\u00ecnh ch\u1ee7 \u0111\u1ec1 AVENGER (Spiderman, Captain, Antman) * 3 b\u00f3ng * B\u00f3ng s\u1ed1 m\u00e0u \u0111\u1ecf size 70cm * 1 * B\u00f3ng tr\u00f2n in h\u00ecnh ch\u1ee7 \u0111\u1ec1 45cm * 1 * Mix 12 b\u00f3ng tr\u00f2n [&hellip;]<\/p>\n","protected":false},"featured_media":10017,"comment_status":"open","ping_status":"closed","template":"","meta":[],"product_cat":[338,24,437],"product_tag":[],"class_list":{"0":"post-10016","1":"product","2":"type-product","3":"status-publish","4":"has-post-thumbnail","6":"product_cat-super-hero","7":"product_cat-bo-trang-tri","8":"product_cat-set-trang-tri-cho-be","10":"first","11":"instock","12":"shipping-taxable","13":"purchasable","14":"product-type-simple"},"_links":{"self":[{"href":"https:\/\/chuparty.vn\/index.php?rest_route=\/wp\/v2\/product\/10016","targetHints":{"allow":["GET"]}}],"collection":[{"href":"https:\/\/chuparty.vn\/index.php?rest_route=\/wp\/v2\/product"}],"about":[{"href":"https:\/\/chuparty.vn\/index.php?rest_route=\/wp\/v2\/types\/product"}],"replies":[{"embeddable":true,"href":"https:\/\/chuparty.vn\/index.php?rest_route=%2Fwp%2Fv2%2Fcomments&post=10016"}],"wp:featuredmedia":[{"embeddable":true,"href":"https:\/\/chuparty.vn\/index.php?rest_route=\/wp\/v2\/media\/10017"}],"wp:attachment":[{"href":"https:\/\/chuparty.vn\/index.php?rest_route=%2Fwp%2Fv2%2Fmedia&parent=10016"}],"wp:term":[{"taxonomy":"product_cat","embeddable":true,"href":"https:\/\/chuparty.vn\/index.php?rest_route=%2Fwp%2Fv2%2Fproduct_cat&post=10016"},{"taxonomy":"product_tag","embeddable":true,"href":"https:\/\/chuparty.vn\/index.php?rest_route=%2Fwp%2Fv2%2Fproduct_tag&post=10016"}],"curies":[{"name":"wp","href":"https:\/\/api.w.org\/{rel}","templated":true}]}}